{"id":945,"date":"2020-08-29T09:30:44","date_gmt":"2020-08-29T08:30:44","guid":{"rendered":"http:\/\/ventodorientedojo.it\/livorno\/?page_id=945"},"modified":"2025-09-13T09:11:52","modified_gmt":"2025-09-13T08:11:52","slug":"shaolin-tai-ji","status":"publish","type":"page","link":"http:\/\/ventodorientedojo.it\/livorno\/shaolin-tai-ji\/","title":{"rendered":"Shaolin e Tai-Ji"},"content":{"rendered":"<h1 class=\"fontzero\">Shaolin<img loading=\"lazy\" decoding=\"async\" class=\"alignnone size-full wp-image-235\" title=\"Shaolin\" src=\"http:\/\/ventodorientedojo.it\/livorno\/wp-content\/uploads\/2020\/08\/shaolin.png\" alt=\"Shaolin\" width=\"300\" height=\"32\"><\/h1>\n<h1 class=\"fontzero\">Tai-Ji<img loading=\"lazy\" decoding=\"async\" class=\"alignnone size-full wp-image-235\" title=\"Tai-Ji\" src=\"http:\/\/ventodorientedojo.it\/livorno\/wp-content\/uploads\/2020\/08\/tai-ji.png\" alt=\"Tai-Ji\" width=\"300\" height=\"32\"><\/h1>\n<h3>Orario Corsi<\/h3>\n<table class=\"orariocorsi\" style=\"height: 65px;\" width=\"307\">\n<tbody>\n<tr>\n<th>&nbsp;<\/th>\n<th>Shaolin<\/th>\n<th>Tai-Ji<\/th>\n<\/tr>\n<tr>\n<td>Luned\u00ec &#8211; Venerd\u00ec<\/td>\n<td style=\"text-align: center;\">17:30 &#8211; 19:00<\/td>\n<td style=\"text-align: center;\">20:00 &#8211; 21:30<\/td>\n<\/tr>\n<tr>\n<tr>\n<td>Marted\u00ec &#8211; Gioved\u00ec<\/td>\n<td style=\"text-align: center;\"><\/td>\n<td style=\"text-align: center;\">9:00 &#8211; 10:30<\/td>\n<\/tr>\n<tr>\n<td>Mercoled\u00ec<\/td>\n<td style=\"text-align: center;\">20:00 &#8211; 21:00<\/td>\n<td style=\"text-align: center;\">&nbsp;<\/td>\n<\/tr>\n<\/tbody>\n<\/table>\n<h3>Quote associative<\/h3>\n<p>Lezione singola:&nbsp; 15\u20ac<\/p>\n<table class=\"prezzi\">\n<tbody>\n<tr>\n<th class=\"breakme\">Quota socio<\/th>\n<th>1 disciplina<\/th>\n<th>2 discipline<\/th>\n<\/tr>\n<tr>\n<td class=\"breakme\">Mensile<\/td>\n<td>&nbsp;60\u20ac<\/td>\n<td>70\u20ac<\/td>\n<\/tr>\n<tr>\n<td class=\"breakme\">Trimestrale<\/td>\n<td>&nbsp;155\u20ac<\/td>\n<td>185\u20ac<\/td>\n<\/tr>\n<\/tbody>\n<\/table>\n<div class=\"istruttori\">\n<h3>Istruttore<\/h3>\n<p>Serena Tria<br \/>\nAndrea Migli<\/p>\n<\/div>\n<div class=\"biografia\">\n<h3>Biografia<\/h3>\n<\/div>\n<div class=\"disciplina\">\n<h3>Disciplina<\/h3>\n<\/div>\n<p>(fonte Wikipedia)<\/p>\n","protected":false},"excerpt":{"rendered":"<p>Shaolin Tai-Ji Orario Corsi &nbsp; Shaolin Tai-Ji Luned\u00ec &#8211; Venerd\u00ec 17:30 &#8211; 19:00 20:00 &#8211; 21:30 Marted\u00ec &#8211; Gioved\u00ec 9:00 &#8211; 10:30 Mercoled\u00ec 20:00 &#8211; 21:00 &nbsp; Quote associative Lezione singola:&nbsp; 15\u20ac Quota socio 1 disciplina 2 discipline Mensile &nbsp;60\u20ac 70\u20ac Trimestrale &nbsp;155\u20ac 185\u20ac Istruttore Serena Tria Andrea Migli Biografia [&#8230;]<\/p>\n","protected":false},"author":1,"featured_media":0,"parent":0,"menu_order":0,"comment_status":"closed","ping_status":"closed","template":"","meta":{"ngg_post_thumbnail":0,"footnotes":""},"class_list":["post-945","page","type-page","status-publish","hentry"],"_links":{"self":[{"href":"http:\/\/ventodorientedojo.it\/livorno\/wp-json\/wp\/v2\/pages\/945","targetHints":{"allow":["GET"]}}],"collection":[{"href":"http:\/\/ventodorientedojo.it\/livorno\/wp-json\/wp\/v2\/pages"}],"about":[{"href":"http:\/\/ventodorientedojo.it\/livorno\/wp-json\/wp\/v2\/types\/page"}],"author":[{"embeddable":true,"href":"http:\/\/ventodorientedojo.it\/livorno\/wp-json\/wp\/v2\/users\/1"}],"replies":[{"embeddable":true,"href":"http:\/\/ventodorientedojo.it\/livorno\/wp-json\/wp\/v2\/comments?post=945"}],"version-history":[{"count":31,"href":"http:\/\/ventodorientedojo.it\/livorno\/wp-json\/wp\/v2\/pages\/945\/revisions"}],"predecessor-version":[{"id":1254,"href":"http:\/\/ventodorientedojo.it\/livorno\/wp-json\/wp\/v2\/pages\/945\/revisions\/1254"}],"wp:attachment":[{"href":"http:\/\/ventodorientedojo.it\/livorno\/wp-json\/wp\/v2\/media?parent=945"}],"curies":[{"name":"wp","href":"https:\/\/api.w.org\/{rel}","templated":true}]}}