{"id":696,"date":"2015-09-05T10:07:02","date_gmt":"2015-09-05T09:07:02","guid":{"rendered":"http:\/\/ventodorientedojo.it\/livorno\/?page_id=696"},"modified":"2025-09-13T09:55:12","modified_gmt":"2025-09-13T08:55:12","slug":"karate-okinawa","status":"publish","type":"page","link":"http:\/\/ventodorientedojo.it\/livorno\/arti-marziali\/karate-okinawa\/","title":{"rendered":"Karate Okinawa"},"content":{"rendered":"<h1 class=\"fontzero\">Karate Okinawa<a href=\"http:\/\/ventodorientedojo.it\/livorno\/wp-content\/uploads\/2023\/09\/karate-okinawa.png\"><img loading=\"lazy\" decoding=\"async\" class=\"alignnone size-full wp-image-821\" title=\"karate okinawa\" src=\"http:\/\/ventodorientedojo.it\/livorno\/wp-content\/uploads\/2023\/09\/karate-okinawa.png\" alt=\"Karate Okinawa\" width=\"271\" height=\"36\"><\/a><\/h1>\n<h3>Orario Corsi<\/h3>\n<table class=\"orariocorsi\">\n<tbody>\n<tr>\n<th>&nbsp;<\/th>\n<th>Ragazzi\/Adulti<\/th>\n<\/tr>\n<tr>\n<td>Luned\u00ec &#8211; Mercoled\u00ec<\/td>\n<td style=\"text-align: center;\">20:30 &#8211; 21:30<\/td>\n<\/tr>\n<tr>\n<td>Venerd\u00ec<\/td>\n<td style=\"text-align: center;\">20:00 &#8211; 21:10<\/td>\n<\/tr>\n<\/tbody>\n<\/table>\n<h3>Quote associative<\/h3>\n<table class=\"prezzi\">\n<tbody>\n<tr>\n<th>Iscrizione C.S.E.N.<\/th>\n<th>Ragazzi\/Adulti<\/th>\n<\/tr>\n<tr>\n<td style=\"text-align: center;\">30 \u20ac\/anno *<\/td>\n<td style=\"text-align: center;\">55 \u20ac\/mese<\/td>\n<\/tr>\n<\/tbody>\n<\/table>\n<p>* copertura assicurativa base inclusa (<a href=\"https:\/\/www.csen.it\/component\/phocadownload\/category\/8-estratti-polizze.html\" target=\"_blank\" rel=\"noopener\">secondo i massimali C.S.E.N.<\/a>)<\/p>\n<div class=\"istruttori\">\n<h3>Istruttore<\/h3>\n<p>Maestro Alessandro Calamai Scuola Italiana Karate Antico<\/p>\n<h4>Profilo<\/h4>\n<p>Il Maestro Alessandro Calamai \u00e8 uno dei principali rappresentanti in Italia del Karate Antico di Okinawa \u2013 Okinawa-Te, disciplina marziale che custodisce l\u2019essenza delle origini del Karate.<br \/>\nCon oltre 40 anni di pratica ininterrotta, ha dedicato la propria vita allo studio delle Arti Marziali, affiancando costantemente la ricerca storica all\u2019allenamento pratico, per restare fedele agli insegnamenti dei Maestri di Okinawa, culla del Karate mondiale.<\/p>\n<p>La sua missione \u00e8 quella di trasmettere non solo una tecnica di combattimento, ma una via di crescita personale, capace di formare corpo, mente e spirito in equilibrio armonico.<\/p>\n<h4>Titoli e qualifiche<\/h4>\n<p>Istruttore 4\u00b0 Dan Karate Antico di Okinawa \u2013 Okinawa-Te<\/p>\n<p>Istruttore 4\u00b0 Dan Shorinji-ryu Karate<\/p>\n<p>Istruttore 4\u00b0 Dan Shotokan Karate<\/p>\n<p>Tecnico sportivo e preparatore atletico riconosciuto dagli enti nazionali.<\/p>\n<p>Membro commissione esaminatrice Karate Antico Shorinji-ryu e Shorinji-Go ryu- Shotokan Karate- Okinawa-Te-To-de-Jutsu.<\/p>\n<h4>\nEsperienza<\/h4>\n<p>La carriera marziale del Maestro Calamai non si limita al Karate: il suo percorso abbraccia oltre quattro decenni di pratica e approfondimento di discipline complementari, tra cui Kung Fu, Krav Maga, Tai Chi Chuan, Japanese Ju Jitsu e diversi programmi di autodifesa.<br \/>\nQuesta esperienza trasversale gli ha permesso di sviluppare una visione completa e moderna delle Arti Marziali, senza mai tradire le radici tradizionali.<\/p>\n<h4>Riconoscimenti e affiliazioni<\/h4>\n<p>Il Dojo Okinawa-te di Livorno, guidato dal Maestro Calamai, appartiene alla Scuola Italiana Karate Antico Okinawa-Te, una delle uniche in Italia ed Europa ad aver ricevuto riconoscimento e abilitazione diretta dai Maestri di Okinawa.<\/p>\n<p>Il riferimento ufficiale \u00e8 il Maestro Hitoshi Oyakawa, 9\u00b0 Dan Shorinji-ryu, erede della tradizione e guida di continui aggiornamenti, seminari e scambi tecnici nell\u2019arcipelago delle Ryu Kyu.<\/p>\n<p>La scuola \u00e8 inoltre affiliata all\u2019A.C.S.D. Kokuchokai (Hombu Dojo a Genova), presieduta dal Maestro Roberto Gonella, 6\u00b0 Dan Shorinji-ryu, punto di riferimento per il coordinamento nazionale ed europeo.<\/p>\n<p>&nbsp;<\/p>\n<div style=\"text-align: center;\"><a href=\"http:\/\/ventodorientedojo.it\/livorno\/wp-content\/uploads\/2020\/01\/Okinawa-logo-per-maglia.jpg\"><img loading=\"lazy\" decoding=\"async\" class=\"alignnone wp-image-923 size-thumbnail\" src=\"http:\/\/ventodorientedojo.it\/livorno\/wp-content\/uploads\/2020\/01\/Okinawa-logo-per-maglia-150x150.jpg\" alt=\"\" width=\"150\" height=\"150\"><\/a> <a href=\"http:\/\/ventodorientedojo.it\/livorno\/wp-content\/uploads\/2020\/01\/Logo-Okinawa-te.jpg\"><img loading=\"lazy\" decoding=\"async\" class=\"alignnone wp-image-924 size-thumbnail\" src=\"http:\/\/ventodorientedojo.it\/livorno\/wp-content\/uploads\/2020\/01\/Logo-Okinawa-te-150x150.jpg\" alt=\"\" width=\"150\" height=\"150\"><\/a> <a href=\"http:\/\/ventodorientedojo.it\/livorno\/wp-content\/uploads\/2020\/01\/FB_IMG_1520924234485.jpg\"><img loading=\"lazy\" decoding=\"async\" class=\"alignnone wp-image-925 size-thumbnail\" src=\"http:\/\/ventodorientedojo.it\/livorno\/wp-content\/uploads\/2020\/01\/FB_IMG_1520924234485-150x150.jpg\" alt=\"\" width=\"150\" height=\"150\"><\/a><\/div>\n<\/div>\n<div class=\"disciplina\">\n<h3>Disciplina<\/h3>\n<p>L\u2019Okinawa-Te \u00e8 il cuore del Karate antico: una disciplina nata come strumento di difesa, che coniuga efficacia tecnica e profonda ricerca interiore.<br \/>\nNon mira alla competizione sportiva, ma alla formazione dell\u2019individuo. \u00c8 un\u2019arte che insegna a controllare il corpo, dominare la mente e rafforzare lo spirito.<\/p>\n<p>All\u2019interno di questa disciplina si studiano:<\/p>\n<ul>\n<li>Tuit\u00e8 Jutsu \u2013 tecniche avanzate di leve articolari per neutralizzare l\u2019avversario<\/li>\n<li>Kyusho Jutsu \u2013 lo studio dei punti vitali e delle pressioni mirate<\/li>\n<li>Tegumi \u2013 forme di lotta e combattimento ravvicinato, anche a terra<\/li>\n<li>Kiko \u2013 l\u2019allenamento dell\u2019energia interna e della respirazione<\/li>\n<\/ul>\n<p>Completano il percorso lo studio dei Kata tradizionali tramandati dai Maestri di Okinawa e le loro applicazioni pratiche (Bunkai), che rivelano il senso profondo dei movimenti marziali.<\/p>\n<h4>Filosofia<\/h4>\n<p>Il Karate Antico di Okinawa insegna che il vero avversario non \u00e8 l\u2019altro, ma s\u00e9 stessi: i propri limiti, le proprie paure, le proprie debolezze.<br \/>\nIl lavoro sul tatami diventa cos\u00ec un percorso di crescita continua, dove ogni allievo impara a ritrovare equilibrio, sicurezza e fiducia nelle proprie capacit\u00e0.<\/p>\n<p>\u00c8 un\u2019arte marziale che si adatta a tutti:<\/p>\n<ul>\n<li>ai giovani, offre disciplina, concentrazione e fiducia;<\/li>\n<li>agli adulti, dona benessere, energia e autocontrollo;<\/li>\n<li>a chiunque cerchi un\u2019arte che non sia soltanto fisica, ma anche spirituale.<\/li>\n<\/ul>\n<p>Un cammino senza tempo<\/p>\n<\/div>\n","protected":false},"excerpt":{"rendered":"<p>Karate Okinawa<a href=\"http:\/\/ventodorientedojo.it\/livorno\/wp-content\/uploads\/2023\/09\/karate-okinawa.png\"><\/a> Orario Corsi &nbsp; Ragazzi\/Adulti Luned\u00ec &#8211; Mercoled\u00ec 20:30 &#8211; 21:30 Venerd\u00ec 20:00 &#8211; 21:10 Quote associative Iscrizione C.S.E.N. Ragazzi\/Adulti 30 \u20ac\/anno * 55 \u20ac\/mese * copertura assicurativa base inclusa (<a href=\"https:\/\/www.csen.it\/component\/phocadownload\/category\/8-estratti-polizze.html\" target=\"_blank\" rel=\"noopener\">secondo i massimali C.S.E.N.<\/a>) Istruttore Maestro Alessandro Calamai Scuola Italiana Karate Antico Profilo Il Maestro [&#8230;]<\/p>\n","protected":false},"author":1,"featured_media":0,"parent":6,"menu_order":0,"comment_status":"open","ping_status":"open","template":"","meta":{"ngg_post_thumbnail":0,"footnotes":""},"class_list":["post-696","page","type-page","status-publish","hentry"],"_links":{"self":[{"href":"http:\/\/ventodorientedojo.it\/livorno\/wp-json\/wp\/v2\/pages\/696","targetHints":{"allow":["GET"]}}],"collection":[{"href":"http:\/\/ventodorientedojo.it\/livorno\/wp-json\/wp\/v2\/pages"}],"about":[{"href":"http:\/\/ventodorientedojo.it\/livorno\/wp-json\/wp\/v2\/types\/page"}],"author":[{"embeddable":true,"href":"http:\/\/ventodorientedojo.it\/livorno\/wp-json\/wp\/v2\/users\/1"}],"replies":[{"embeddable":true,"href":"http:\/\/ventodorientedojo.it\/livorno\/wp-json\/wp\/v2\/comments?post=696"}],"version-history":[{"count":31,"href":"http:\/\/ventodorientedojo.it\/livorno\/wp-json\/wp\/v2\/pages\/696\/revisions"}],"predecessor-version":[{"id":1261,"href":"http:\/\/ventodorientedojo.it\/livorno\/wp-json\/wp\/v2\/pages\/696\/revisions\/1261"}],"up":[{"embeddable":true,"href":"http:\/\/ventodorientedojo.it\/livorno\/wp-json\/wp\/v2\/pages\/6"}],"wp:attachment":[{"href":"http:\/\/ventodorientedojo.it\/livorno\/wp-json\/wp\/v2\/media?parent=696"}],"curies":[{"name":"wp","href":"https:\/\/api.w.org\/{rel}","templated":true}]}}