{"id":658,"date":"2016-09-24T09:39:54","date_gmt":"2016-09-24T08:39:54","guid":{"rendered":"http:\/\/ventodorientedojo.it\/livorno\/?page_id=658"},"modified":"2025-09-13T09:04:55","modified_gmt":"2025-09-13T08:04:55","slug":"aikido","status":"publish","type":"page","link":"http:\/\/ventodorientedojo.it\/livorno\/arti-marziali\/aikido\/","title":{"rendered":"Aikido"},"content":{"rendered":"<h1 class=\"fontzero\">Aikido<img decoding=\"async\" class=\"alignnone size-full wp-image-142\" title=\"Aikido\" src=\"http:\/\/ventodorientedojo.it\/livorno\/wp-content\/uploads\/2014\/10\/aikido.png\" alt=\"Aikido\"><\/h1>\n<h3>Orario Corsi<\/h3>\n<p>&nbsp;<\/p>\n<table class=\"orariocorsi\">\n<tbody>\n<tr>\n<th>&nbsp;<\/th>\n<th>Adulti<\/th>\n<\/tr>\n<tr>\n<td>Marted\u00ec &#8211; Gioved\u00ec<\/td>\n<td style=\"text-align: center;\">19:30 &#8211; 21:00<\/td>\n<\/tr>\n<tr>\n<td>Venerd\u00ec<\/td>\n<td style=\"text-align: center;\">20:00 &#8211; 21:30<\/td>\n<\/tr>\n<\/tbody>\n<\/table>\n<h3>Quote associative<\/h3>\n<table class=\"prezzi\">\n<tbody>\n<tr>\n<th>Iscrizione<\/th>\n<th>Adulti<\/th>\n<\/tr>\n<tr>\n<td style=\"text-align: center;\">30 \u20ac\/anno *<\/td>\n<td style=\"text-align: center;\">55 \u20ac\/mese<\/td>\n<\/tr>\n<\/tbody>\n<\/table>\n<p>* copertura assicurativa inclusa<\/p>\n<div class=\"istruttori\">\n<h3>Istruttori<\/h3>\n<p>Carlo Ibelli 4\u00b0dan di aikido<\/p>\n<\/div>\n<div class=\"disciplina\">\n<h3>Disciplina<\/h3>\n<p>L\u2019aikid\u014d \u5408\u6c17\u9053 (scritto in kanji) o anche \u5408\u6c23\u9053 (usando un kanji pi\u00f9 antico) \u00e8 una disciplina psicofisica giapponese praticata sia a mani nude sia con le armi bianche tradizionali del Budo giapponese di cui principalmente: &#8220;ken&#8221; (spada), &#8220;jo&#8221; (bastone) e &#8220;tanto&#8221; (il pugnale).<\/p>\n<\/div>\n<div class=\"disciplina\">\n<p>\u5408\u6c23\u9053 (ai-ki-do) significa quindi innanzi tutto: \u00abDisciplina che conduce all&#8217;unione ed all&#8217;armonia con l&#8217;energia vitale e lo spirito dell&#8217;Universo\u00bb.<\/p>\n<p>Ueshiba Morihei, il fondatore dell&#8217;aikido, usava dire che l&#8217;aikido anela sinceramente a comprendere la natura, ad esprimere la gratitudine per i suoi doni meravigliosi, ad immedesimare l&#8217;individuo con la natura. Quest&#8217;aspirazione a comprendere e ad applicare praticamente le leggi della natura, espressa nelle parole &#8220;ai&#8221; e &#8220;ki&#8221;, forma l&#8217;essenza ed il concetto fondamentale dell&#8217;arte dell&#8217;aikido.<\/p>\n<p>La finalit\u00e0 dell&#8217;aikido non \u00e8 rivolta al combattimento n\u00e9 alla difesa personale, pur utilizzando per la sua pratica uno strumento tecnico che deriva dal <a title=\"Budo\" href=\"http:\/\/it.wikipedia.org\/wiki\/Budo\">Budo<\/a>, l&#8217;arte militare dei samurai giapponesi; l&#8217;aikido mira infatti alla &#8220;<em>corretta vittoria<\/em>&#8221; (dal fondatore chiamata: \u6b63\u52dd <em>masakatsu<\/em>) che consiste nella conquista della &#8220;<em>padronanza di se stessi<\/em>&#8221; (dal fondatore chiamata: \u543e\u52dd <em>agatsu<\/em>, cio\u00e8 la &#8220;<em>vittoria su se stessi<\/em>&#8220;), resa possibile soltanto da una profonda conoscenza della propria natura interiore.<\/p>\n<p>(fonte Wikipedia)<\/p>\n<\/div>\n<p>&nbsp;<\/p>\n","protected":false},"excerpt":{"rendered":"<p>Aikido Orario Corsi &nbsp; &nbsp; Adulti Marted\u00ec &#8211; Gioved\u00ec 19:30 &#8211; 21:00 Venerd\u00ec 20:00 &#8211; 21:30 Quote associative Iscrizione Adulti 30 \u20ac\/anno * 55 \u20ac\/mese * copertura assicurativa inclusa Istruttori Carlo Ibelli 4\u00b0dan di aikido Disciplina L\u2019aikid\u014d \u5408\u6c17\u9053 (scritto in kanji) o anche \u5408\u6c23\u9053 (usando un kanji pi\u00f9 antico) \u00e8 [&#8230;]<\/p>\n","protected":false},"author":1,"featured_media":0,"parent":6,"menu_order":0,"comment_status":"open","ping_status":"closed","template":"","meta":{"ngg_post_thumbnail":0,"footnotes":""},"class_list":["post-658","page","type-page","status-publish","hentry"],"_links":{"self":[{"href":"http:\/\/ventodorientedojo.it\/livorno\/wp-json\/wp\/v2\/pages\/658","targetHints":{"allow":["GET"]}}],"collection":[{"href":"http:\/\/ventodorientedojo.it\/livorno\/wp-json\/wp\/v2\/pages"}],"about":[{"href":"http:\/\/ventodorientedojo.it\/livorno\/wp-json\/wp\/v2\/types\/page"}],"author":[{"embeddable":true,"href":"http:\/\/ventodorientedojo.it\/livorno\/wp-json\/wp\/v2\/users\/1"}],"replies":[{"embeddable":true,"href":"http:\/\/ventodorientedojo.it\/livorno\/wp-json\/wp\/v2\/comments?post=658"}],"version-history":[{"count":20,"href":"http:\/\/ventodorientedojo.it\/livorno\/wp-json\/wp\/v2\/pages\/658\/revisions"}],"predecessor-version":[{"id":1249,"href":"http:\/\/ventodorientedojo.it\/livorno\/wp-json\/wp\/v2\/pages\/658\/revisions\/1249"}],"up":[{"embeddable":true,"href":"http:\/\/ventodorientedojo.it\/livorno\/wp-json\/wp\/v2\/pages\/6"}],"wp:attachment":[{"href":"http:\/\/ventodorientedojo.it\/livorno\/wp-json\/wp\/v2\/media?parent=658"}],"curies":[{"name":"wp","href":"https:\/\/api.w.org\/{rel}","templated":true}]}}