{"id":559,"date":"2013-07-26T17:27:13","date_gmt":"2013-07-26T16:27:13","guid":{"rendered":"http:\/\/ventodorientedojo.it\/livorno\/?page_id=559"},"modified":"2025-09-13T09:07:13","modified_gmt":"2025-09-13T08:07:13","slug":"judo","status":"publish","type":"page","link":"http:\/\/ventodorientedojo.it\/livorno\/arti-marziali\/judo\/","title":{"rendered":"Judo"},"content":{"rendered":"<h1 class=\"fontzero\">Judo<img loading=\"lazy\" decoding=\"async\" class=\"alignnone size-full wp-image-142\" title=\"Judo\" src=\"http:\/\/ventodorientedojo.it\/livorno\/wp-content\/uploads\/2013\/07\/judo.png\" alt=\"Judo\" width=\"136\" height=\"31\"><\/h1>\n<h3>Orario Corsi<\/h3>\n<p>&nbsp;<\/p>\n<table class=\"orariocorsi\">\n<tbody>\n<tr>\n<th>&nbsp;<\/th>\n<th>Bambini<\/th>\n<th>Ragazzi<\/th>\n<th>Cadetti*<\/th>\n<th>Adolescenti<\/th>\n<th>Adulti<\/th>\n<\/tr>\n<tr>\n<td>Luned\u00ec<\/td>\n<td style=\"text-align: center;\">&nbsp;<\/td>\n<td style=\"text-align: center;\">17:00 &#8211; 18:00<\/td>\n<td style=\"text-align: center;\">&nbsp;<\/td>\n<td style=\"text-align: center;\">18:00 &#8211; 19:00<\/td>\n<td style=\"text-align: center;\">19:00 &#8211; 20:30<\/td>\n<\/tr>\n<tr>\n<td>Marted\u00ec<\/td>\n<td style=\"text-align: center;\">17:00 &#8211; 18:00<\/td>\n<td style=\"text-align: center;\">&nbsp;<\/td>\n<td style=\"text-align: center;\">18:00 &#8211; 19:30<\/td>\n<td style=\"text-align: center;\">&nbsp;<\/td>\n<td style=\"text-align: center;\">&nbsp;<\/td>\n<\/tr>\n<tr>\n<td>Mercoled\u00ec<\/td>\n<td style=\"text-align: center;\">&nbsp;<\/td>\n<td style=\"text-align: center;\">17:00 &#8211; 18:00<\/td>\n<td style=\"text-align: center;\">&nbsp;<\/td>\n<td style=\"text-align: center;\">18:00 &#8211; 19:00<\/td>\n<td style=\"text-align: center;\">19:00 &#8211; 20:30<\/td>\n<\/tr>\n<tr>\n<td>Gioved\u00ec<\/td>\n<td style=\"text-align: center;\">17:00 &#8211; 18:00<\/td>\n<td style=\"text-align: center;\">&nbsp;<\/td>\n<td style=\"text-align: center;\">&nbsp;18:00 &#8211; 19:30<\/td>\n<td style=\"text-align: center;\">&nbsp;<\/td>\n<td style=\"text-align: center;\">&nbsp;<\/td>\n<\/tr>\n<tr>\n<td>Venerd\u00ec<\/td>\n<td style=\"text-align: center;\">&nbsp;<\/td>\n<td style=\"text-align: center;\">17:00 &#8211; 18:00<\/td>\n<td style=\"text-align: center;\">&nbsp;<\/td>\n<td style=\"text-align: center;\">18:00 &#8211; 19:00<\/td>\n<td style=\"text-align: center;\">19:00 &#8211; 20:00<\/td>\n<\/tr>\n<\/tbody>\n<\/table>\n<p><strong>*secondo il peso a partire dalla prima superiore<\/strong><\/p>\n<h3>Quote associative<\/h3>\n<p>&nbsp;<\/p>\n<table class=\"prezzi\">\n<tbody>\n<tr>\n<th style=\"background-color: transparent;\">&nbsp;<\/th>\n<th>Iscrizione C.S.E.N.<\/th>\n<\/tr>\n<tr>\n<td style=\"text-align: left;\">Tutti<\/td>\n<td style=\"text-align: center;\">30 \u20ac\/anno *<\/td>\n<\/tr>\n<\/tbody>\n<\/table>\n<p>* copertura assicurativa base inclusa (<a href=\"https:\/\/www.csen.it\/component\/phocadownload\/category\/8-estratti-polizze.html\" target=\"_blank\" rel=\"noopener\">secondo i massimali C.S.E.N.<\/a>)<\/p>\n<p>&nbsp;<\/p>\n<table class=\"prezzi\">\n<tbody>\n<tr>\n<th style=\"background-color: transparent;\">&nbsp;<\/th>\n<th>Mensilit\u00e0<\/th>\n<\/tr>\n<tr>\n<td style=\"text-align: center;\">Bambini<\/td>\n<td style=\"text-align: center;\">50 \u20ac\/anno<\/td>\n<\/tr>\n<tr>\n<td style=\"text-align: center;\">Tutti le altre categorie<\/td>\n<td style=\"text-align: center;\">55 \u20ac\/anno<\/td>\n<\/tr>\n<\/tbody>\n<\/table>\n<div class=\"istruttori\">\n<p><strong>Il settore judo \u00e8 affiliato oltre che C.S.E.N., come tutte le altre discipline presenti, anche Fijlkam.<\/strong><\/p>\n<h3>Istruttori<\/h3>\n<p>Adriana Musumeci ( maestro 4\u00b0 dan ) , insegnante abilitata nelle scuole materne ed elementari.<br \/>\nGabriele Mazzoni ( allenatore 1\u00b0 dan) , allenatore adulti<\/p>\n<\/div>\n<div class=\"disciplina\">\n<h3>Disciplina<\/h3>\n<p>Il judo (\u67d4\u9053 J\u016bd\u014d?, Via della Cedevolezza) \u00e8 un&#8217;arte marziale, uno sport da combattimento ed un metodo di difesa personale giapponese formalmente nato in Giappone con la fondazione del K\u014dd\u014dkan da parte del Prof. Jigor\u014d Kan\u014d, nel 1882. I praticanti di tale disciplina sono denominati judoisti o pi\u00f9 comunemente judoka (\u67d4\u9053\u5bb6 j\u016bd\u014dka), con un certo abuso di linguaggio.<br \/>\n\u00ab Il j\u016bd\u014d \u00e8 la via (\u9053) pi\u00f9 efficace per utilizzare la forza fisica e mentale. Allenarsi nella disciplina del j\u016bd\u014d significa raggiungere la perfetta conoscenza dello spirito attraverso l&#8217;addestramento attacco-difesa e l&#8217;assiduo sforzo per ottenere un miglioramento fisico-spirituale. Il perfezionamento dell&#8217;io cos\u00ec ottenuto dovr\u00e0 essere indirizzato al servizio sociale, che costituisce l&#8217;obiettivo ultimo del j\u016bd\u014d.<\/p>\n<p>J\u016b (\u67d4) \u00e8 un bellissimo concetto riguardante la logica, la virt\u00f9 e lo splendore; \u00e8 la realt\u00e0 di ci\u00f2 che \u00e8 sincero, buono e bello. L&#8217;espressione del j\u016bd\u014d \u00e8 attraverso il waza, che si acquisisce con l&#8217;allenamento tecnico basato sullo studio scientifico.\u00bb<br \/>\n(Jigor\u014d Kan\u014d)<\/p>\n<p>Il j\u016bd\u014d \u00e8 in seguito divenuto ufficialmente disciplina olimpica nel 1964, in occasione dell&#8217;Olimpiade di T\u014dky\u014d, e ha rappresentato all&#8217;Olimpiade di Atene 2004 il terzo sport pi\u00f9 universale, con atleti da 98 diversi Paesi.<\/p>\n<p>(fonte Wikipedia)<\/p>\n<\/div>\n<p>&nbsp;<\/p>\n","protected":false},"excerpt":{"rendered":"<p>Judo Orario Corsi &nbsp; &nbsp; Bambini Ragazzi Cadetti* Adolescenti Adulti Luned\u00ec &nbsp; 17:00 &#8211; 18:00 &nbsp; 18:00 &#8211; 19:00 19:00 &#8211; 20:30 Marted\u00ec 17:00 &#8211; 18:00 &nbsp; 18:00 &#8211; 19:30 &nbsp; &nbsp; Mercoled\u00ec &nbsp; 17:00 &#8211; 18:00 &nbsp; 18:00 &#8211; 19:00 19:00 &#8211; 20:30 Gioved\u00ec 17:00 &#8211; 18:00 &nbsp; &nbsp;18:00 [&#8230;]<\/p>\n","protected":false},"author":1,"featured_media":0,"parent":6,"menu_order":0,"comment_status":"open","ping_status":"open","template":"","meta":{"ngg_post_thumbnail":0,"footnotes":""},"class_list":["post-559","page","type-page","status-publish","hentry"],"_links":{"self":[{"href":"http:\/\/ventodorientedojo.it\/livorno\/wp-json\/wp\/v2\/pages\/559","targetHints":{"allow":["GET"]}}],"collection":[{"href":"http:\/\/ventodorientedojo.it\/livorno\/wp-json\/wp\/v2\/pages"}],"about":[{"href":"http:\/\/ventodorientedojo.it\/livorno\/wp-json\/wp\/v2\/types\/page"}],"author":[{"embeddable":true,"href":"http:\/\/ventodorientedojo.it\/livorno\/wp-json\/wp\/v2\/users\/1"}],"replies":[{"embeddable":true,"href":"http:\/\/ventodorientedojo.it\/livorno\/wp-json\/wp\/v2\/comments?post=559"}],"version-history":[{"count":67,"href":"http:\/\/ventodorientedojo.it\/livorno\/wp-json\/wp\/v2\/pages\/559\/revisions"}],"predecessor-version":[{"id":1251,"href":"http:\/\/ventodorientedojo.it\/livorno\/wp-json\/wp\/v2\/pages\/559\/revisions\/1251"}],"up":[{"embeddable":true,"href":"http:\/\/ventodorientedojo.it\/livorno\/wp-json\/wp\/v2\/pages\/6"}],"wp:attachment":[{"href":"http:\/\/ventodorientedojo.it\/livorno\/wp-json\/wp\/v2\/media?parent=559"}],"curies":[{"name":"wp","href":"https:\/\/api.w.org\/{rel}","templated":true}]}}