{"id":347,"date":"2012-09-10T15:00:59","date_gmt":"2012-09-10T14:00:59","guid":{"rendered":"http:\/\/ventodorientedojo.it\/livorno\/?page_id=347"},"modified":"2025-09-17T10:24:50","modified_gmt":"2025-09-17T09:24:50","slug":"pilates","status":"publish","type":"page","link":"http:\/\/ventodorientedojo.it\/livorno\/arti-marziali\/pilates\/","title":{"rendered":"Pilates"},"content":{"rendered":"<h1 class=\"fontzero\">Pilates<img loading=\"lazy\" decoding=\"async\" class=\"alignnone size-full wp-image-345\" title=\"Pilates\" src=\"http:\/\/ventodorientedojo.it\/livorno\/wp-content\/uploads\/2012\/08\/pilates.png\" alt=\"Pilates\" width=\"260\" height=\"30\"><\/h1>\n<h3>Orario Corsi<\/h3>\n<p><a href=\"http:\/\/ventodorientedojo.it\/livorno\/wp-content\/uploads\/2025\/09\/pilates-locandina.jpg\" target=\"_blank\"><img loading=\"lazy\" decoding=\"async\" class=\"aligncenter wp-image-1282 size-large\" src=\"http:\/\/ventodorientedojo.it\/livorno\/wp-content\/uploads\/2025\/09\/pilates-locandina-819x1024.jpg\" alt=\"\" width=\"819\" height=\"1024\" srcset=\"http:\/\/ventodorientedojo.it\/livorno\/wp-content\/uploads\/2025\/09\/pilates-locandina-819x1024.jpg 819w, http:\/\/ventodorientedojo.it\/livorno\/wp-content\/uploads\/2025\/09\/pilates-locandina-240x300.jpg 240w, http:\/\/ventodorientedojo.it\/livorno\/wp-content\/uploads\/2025\/09\/pilates-locandina-768x960.jpg 768w, http:\/\/ventodorientedojo.it\/livorno\/wp-content\/uploads\/2025\/09\/pilates-locandina.jpg 1080w\" sizes=\"auto, (max-width: 819px) 100vw, 819px\" \/><\/a><\/p>\n<table class=\"orariocorsi\" style=\"display: none;\">\n<tbody>\n<tr>\n<th>&nbsp;<\/th>\n<th>Tutti<\/th>\n<\/tr>\n<tr>\n<td>&nbsp;Luned\u00ec (pilates posturale)<\/td>\n<td style=\"text-align: center;\">8:30 &#8211; 9:30<\/td>\n<\/tr>\n<tr>\n<td>&nbsp;Luned\u00ec (yamuna bodyrolling)<\/td>\n<td style=\"text-align: center;\">16:00 &#8211; 17:00<\/td>\n<\/tr>\n<tr>\n<td>&nbsp;Mercoled\u00ec (pilates)<\/td>\n<td style=\"text-align: center;\">16:00 &#8211; 17:00<\/td>\n<\/tr>\n<tr>\n<td>&nbsp;Marted\u00ec &#8211; Gioved\u00ec (pilates)<\/td>\n<td style=\"text-align: center;\">19:00 &#8211; 20:00<\/td>\n<\/tr>\n<tr>\n<td>&nbsp;Venerd\u00ec (yamuna bodyrolling)<\/td>\n<td style=\"text-align: center;\">8:30 &#8211; 9:30<\/td>\n<\/tr>\n<tr>\n<td>&nbsp;Venerd\u00ec (pilates &#8211; yamuna bodyrolling &#8211; su prenotazione)<\/td>\n<td style=\"text-align: center;\">16:00 &#8211; 17:00<\/td>\n<\/tr>\n<\/tbody>\n<\/table>\n<h3>Quote associative<\/h3>\n<table class=\"prezzi\">\n<tbody>\n<tr>\n<th>Iscrizione C.S.E.N.<\/th>\n<th>2 Lezioni a settimana<\/th>\n<\/tr>\n<tr>\n<td style=\"text-align: center;\">30 \u20ac\/anno *<\/td>\n<td style=\"text-align: center;\">60 \u20ac\/mese<\/td>\n<\/tr>\n<\/tbody>\n<\/table>\n<p>* copertura assicurativa base inclusa (<a href=\"https:\/\/www.csen.it\/component\/phocadownload\/category\/8-estratti-polizze.html\" target=\"_blank\" rel=\"noopener\">secondo i massimali C.S.E.N.<\/a>)<\/p>\n<div class=\"istruttori\">\n<h3>Istruttore<\/h3>\n<\/div>\n<div class=\"biografia\">\n<h3>Biografia<\/h3>\n<h3>Disciplina<\/h3>\n<p><strong>PILATES MATWORK<\/strong><\/p>\n<p>Il pilates mira al rinforzo della muscolatura di tutto il corpo tramite un allenamento sicuro ed equilibrato a corpo libero, oppure con l&#8217;utilizzo di piccoli attrezzi (foam roller, bande elastiche, fitball, magic circle, softball, etc. ).<br \/>\nLe sedute si svolgono sul materassino (matwork) prevalentemente in scarico e si sviluppano attraverso esercizi che stimolano la muscolatura profonda del tronco e della pelvi. L&#8217;esecuzione lenta e progressiva di tale repertorio di esercizi, permette di acquisire fluidit\u00e0 e padronanza del movimento, consapevolezza del proprio corpo e, come conseguenza, maggiore calma mentale. Questa disciplina permette di ottenere una profonda concentrazione coinvolgendo e coordinando corpo, mente e<br \/>\nspirito.<\/p>\n<p><strong>YAMUNA BODY ROLLING(yamuna foot fitness e yamuna face)<\/strong><\/p>\n<p>Il br \u00e8 una pratica di &#8220;auto-terapia&#8221; del corpo ideata da yamuna zake che, partendo dallo yoga, ha sviluppato una serie di esercizi (routine) di stretching a carico ponderale che lavorano i muscoli in profondit\u00e0 e nella loro interezza.<br \/>\nLe classi prevedono un lavoro sul tappetino utilizzando palle gonfiabili di diverse dimensione e densit\u00e0, appositamente studiate per simulare le mani del terapeuta che stira il muscolo dall&#8217;origine nella direzione del movimento naturale, partendo dalla stimolazione osso-tendinea fino al corpo muscolare. Il soggetto pu\u00f2 autonomamente applicare tale trazione rullando muscoli ed ossa su queste palle e imparando ad abbandonare il peso del proprio corpo senza creare tensione.<br \/>\nIl br pu\u00f2 essere applicato anche in zone del corpo pi\u00f9 specifiche come viso e piedi tramite l&#8217;impiego di ulteriori attrezzi studiati appositamente come i footwakers per yamuna\u24e1 foot fitness la &#8220;ginnastica del piede&#8221;:<br \/>\ni footwakers sono semisfere rigide con piccoli aculei che stimolano la circolazione mentre vanno ad agire sulle limitazioni della pianta del piede e quindi su dolori, malformazioni (es. Alluce valgo), difetti di appoggio che influenzano l&#8217;intera postura. Le palle pi\u00f9 piccole, morbide e delicate della famiglia yamuna balls vengono invece usate per il riallineamento osseo di viso e cranio nella cosiddetta &#8220;ginnastica del viso&#8221; o yamuna face: grazie alla loro consistenza \u00e8 possibile agire dettagliatamente sulla distensione di piccole rughe migliorando al tempo stesso problematiche croniche come bruxismo, acufene, sinusite e dolori cervicali.<br \/>\nLa ginnastica del viso e del piede saranno integrate nelle sedute di bodyrolling rendendo la tecnica yamuna un&#8217;esplorazione del corpo a tutto tondo che garantisce benessere ed elasticit\u00e0 e previene infortuni durante l&#8217;allenamento sportivo.<\/p>\n<\/div>\n","protected":false},"excerpt":{"rendered":"<p>Pilates Orario Corsi <a href=\"http:\/\/ventodorientedojo.it\/livorno\/wp-content\/uploads\/2025\/09\/pilates-locandina.jpg\" target=\"_blank\"><\/a> &nbsp; Tutti &nbsp;Luned\u00ec (pilates posturale) 8:30 &#8211; 9:30 &nbsp;Luned\u00ec (yamuna bodyrolling) 16:00 &#8211; 17:00 &nbsp;Mercoled\u00ec (pilates) 16:00 &#8211; 17:00 &nbsp;Marted\u00ec &#8211; Gioved\u00ec (pilates) 19:00 &#8211; 20:00 &nbsp;Venerd\u00ec (yamuna bodyrolling) 8:30 &#8211; 9:30 &nbsp;Venerd\u00ec (pilates &#8211; yamuna bodyrolling &#8211; su prenotazione) 16:00 &#8211; 17:00 Quote [&#8230;]<\/p>\n","protected":false},"author":1,"featured_media":0,"parent":6,"menu_order":0,"comment_status":"open","ping_status":"open","template":"","meta":{"ngg_post_thumbnail":0,"footnotes":""},"class_list":["post-347","page","type-page","status-publish","hentry"],"_links":{"self":[{"href":"http:\/\/ventodorientedojo.it\/livorno\/wp-json\/wp\/v2\/pages\/347","targetHints":{"allow":["GET"]}}],"collection":[{"href":"http:\/\/ventodorientedojo.it\/livorno\/wp-json\/wp\/v2\/pages"}],"about":[{"href":"http:\/\/ventodorientedojo.it\/livorno\/wp-json\/wp\/v2\/types\/page"}],"author":[{"embeddable":true,"href":"http:\/\/ventodorientedojo.it\/livorno\/wp-json\/wp\/v2\/users\/1"}],"replies":[{"embeddable":true,"href":"http:\/\/ventodorientedojo.it\/livorno\/wp-json\/wp\/v2\/comments?post=347"}],"version-history":[{"count":42,"href":"http:\/\/ventodorientedojo.it\/livorno\/wp-json\/wp\/v2\/pages\/347\/revisions"}],"predecessor-version":[{"id":1298,"href":"http:\/\/ventodorientedojo.it\/livorno\/wp-json\/wp\/v2\/pages\/347\/revisions\/1298"}],"up":[{"embeddable":true,"href":"http:\/\/ventodorientedojo.it\/livorno\/wp-json\/wp\/v2\/pages\/6"}],"wp:attachment":[{"href":"http:\/\/ventodorientedojo.it\/livorno\/wp-json\/wp\/v2\/media?parent=347"}],"curies":[{"name":"wp","href":"https:\/\/api.w.org\/{rel}","templated":true}]}}