{"id":180,"date":"2012-09-02T16:49:02","date_gmt":"2012-09-02T15:49:02","guid":{"rendered":"http:\/\/ventodorientedojo.it\/livorno\/?page_id=180"},"modified":"2018-10-06T11:18:03","modified_gmt":"2018-10-06T10:18:03","slug":"tai-chi-chuan","status":"publish","type":"page","link":"http:\/\/ventodorientedojo.it\/livorno\/arti-marziali\/tai-chi-chuan\/","title":{"rendered":"Tai-Chi Chuan"},"content":{"rendered":"<h1 class=\"fontzero\">Tai-Chi Chuan<img loading=\"lazy\" decoding=\"async\" class=\"alignnone size-full wp-image-235\" title=\"Tai-Chi Chuan\" src=\"http:\/\/ventodorientedojo.it\/livorno\/wp-content\/uploads\/2012\/09\/tai-chi-chuan.png\" alt=\"Tai-Chi Chuan\" width=\"300\" height=\"32\" \/><\/h1>\n<h3>Orario Corsi<\/h3>\n<p><span style=\"color: #ff0000;\">Orario da concordare con l&#8217;insegnante nella fascia 16:00 &#8211; 18:00 . Contattare la Segreteria<\/span>.<\/p>\n<h3>Prezzi<\/h3>\n<table class=\"prezzi\">\n<tbody>\n<tr>\n<th class=\"breakme\">Abbonamento<\/th>\n<th>Iscrizione<\/th>\n<th>1 Corso **<\/th>\n<th>2+ Corsi **<\/th>\n<\/tr>\n<tr>\n<td class=\"breakme\" style=\"text-align: center;\">Mensile<\/td>\n<td style=\"text-align: center;\">30 \u20ac\/anno *<\/td>\n<td style=\"text-align: center;\">55 \u20ac\/mese<\/td>\n<td style=\"text-align: center;\">80 \u20ac\/mese<\/td>\n<\/tr>\n<tr>\n<td class=\"breakme\" style=\"text-align: center;\">Quadrimestrale<\/td>\n<td style=\"text-align: center;\">30 \u20ac\/anno *<\/td>\n<td class=\"breakme\" style=\"text-align: center;\">200 \u20ac\/quadrimestre<\/td>\n<td class=\"breakme\" style=\"text-align: center;\">240 \u20ac\/quadrimestre<\/td>\n<\/tr>\n<\/tbody>\n<\/table>\n<p>* copertura assicurativa inclusa<br \/>\n** Corsi a scelta del Maestro Alessio: Kick-boxing, Kung fu, Tai-chi chuan, Stretching<\/p>\n<div class=\"istruttori\">\n<h3>Istruttore<\/h3>\n<p>Amirkhanov Alexei, istruttore<\/p>\n<\/div>\n<div class=\"biografia\">\n<h3>Biografia<\/h3>\n<p>Amirkhanov Alexei, classe 1963, nato a Thilisi (Georgia), inizia la pratica delle arti marziali all&#8217;et\u00e0 di 11 anni (1974) con Judo e Sambo. Dal 1978 entra in nazionale di Judo e Sambo. Dal 1985 inizia l&#8217;insegnamento nella scuola della riserva olimpica. Nel 1986 inizia la pratica del kung-fu e nel 1991 va in Cina per approfondire lo studio del kung fu con i maestri dell&#8217;accademia nazionale di Pechino e la squadra nazionale di Wushu. In Russia era insegnante della polizia di stato. Nel 2000 si trasferisce in Italia, lavorando come maestro in varie regioni.Nel 2005 vince il titolo italiano di Brazilian Ju Jitsu. Attualmente insegna kung fu, judo, Sambo e difesa personale, Tai-Chi Chuan, Tui-Shou Shi-Sao e tiene corsi per la Polizia Municipale.<\/p>\n<\/div>\n<div class=\"disciplina\">\n<h3>Disciplina<\/h3>\n<p>Il taijiquan (semplificato \u592a\u6781\u62f3sempl., \u592a\u6975\u62f3trad., wade )t\u00e0ij\u00edqu\u00e1npinyin) o Tai Chi, stile interno delle arti marziali cinesi nato come tecnica di combattimento, \u00e8 oggi conosciuto in occidente soprattutto come ginnastica e come tecnica di medicina preventiva.<\/p>\n<p>In Cina l&#8217;uso dell&#8217;esercizio fisico pu\u00f2 essere fatto risalire gi\u00e0 al 1000 a.C. Il Neijing, antico testo fondamento della medicina tradizionale cinese, prescrive esercizi di respirazione, massaggi della pelle e della carne, esercizi delle mani e dei piedi per gli abitanti del centro, regione pianeggiante e umida, che soffrono di paralisi delle giunture, raffreddamenti e febbri.<\/p>\n<p>Nel periodo dei regni combattenti (403-221 a.C.) i taoisti introdussero esercizi fisici e mentali ed esercizi di respirazione come tecniche efficaci per la prevenzione e cura di alcune malattie ed il mantenimento della salute, generalmente conosciute come Qi gong. Gi\u00e0 verso la fine della dinastia Han, Hua Tuo (141-203 d.C.), noto medico e scienziato, sosteneva l&#8217;efficacia dell&#8217;esercizio per aumentare le difese immunologiche e aveva elaborato un sistema di cura attraverso movimenti noto come il gioco dei cinque animali.<\/p>\n<p>Da allora le ginnastiche energetiche vennero studiate e approfondite negli ambienti buddhisti e taoisti con lo scopo di mantenere l&#8217;organismo efficiente, preservarsi dalle malattie e dalla vecchiaia, conservarsi in buona salute e favorire la longevit\u00e0.<\/p>\n<p>Da queste ginnastiche e dagli antichi stili di Kung-fu si evolse il Taijiquan che inoltre eredita molti contenuti dalla teoria del taiji e dei cinque elementi. Sono presenti infatti i cinque principi dei cinque elementi: la fluidit\u00e0 dell&#8217;acqua essenza di ogni movimento; il principio e la forza del movimento sono come il legno: dall&#8217;interno verso l&#8217;esterno (spesso si usa l&#8217;esempio di una radice che crescendo \u00e8 capace di rompere anche un muro); il fuoco presente nell&#8217;attimo in cui un colpo va a segno; la terra presente nella posizione salda e stabile; il metallo (es: il mercurio) \u00e8 nel peso, del corpo, che pi\u00f9 si lascia scendere verso la terra e pi\u00f9 rende la pratica efficace.<\/p>\n<p>Esistono due teorie accreditate sulla nascita di questo stile: la prima ne situa la nascita durante la dinastia Yuan (1279-1368) ad opera del monaco Zhang San Feng, la seconda la fa coincidere con l&#8217;origine dello stile Chen, ad opera di Chen Wang Ting, durante la dinastia dei Ming (1368-1644). La seconda tesi pare ora la pi\u00f9 attendibile, frutto di ricerche storiche pi\u00f9 accurate. La prima ipotesi risente infatti della volont\u00e0 di far risalire la disciplina ad un periodo pi\u00f9 remoto, allo scopo di avere un contraltare alle discipline considerate &#8220;straniere&#8221; e nate in epoca pi\u00f9 remota (stili di kung fu di origine Shao Lin Buddista ad esempio).<\/p>\n<p>Lo studio del tai-ji quan (Pugno della Suprema Polarit\u00e0) non \u00e8 solamente uno studio legato al movimento fisico ma una profonda filosofia di vita che affonda i suoi contenuti in antichissime filosofie e teorie come il Bagua, l&#8217;Yi Jing e pi\u00f9 in generale il Taoismo. Il principio fondamentale \u00e8 il Wu wei traducibile in italiano in tanti modi, ma nessuno pienamente soddisfacente: non agire, niente fare, lasciar andare&#8230; Dove per\u00f2 il non-agire \u00e8 un'&#8221;azione&#8221; compiuta con coscienza: spesso \u00e8 pi\u00f9 difficile non fare e lasciare che le cose seguano il loro corso naturale invece di cercare di cambiarle.<\/p>\n<p>Ci sono inoltre quattro parole, concetti (caratteri) che rappresentano il tai-ji quan, i suoi contenuti filosofici ed i benefici che con la pratica si possono ottenere e sono: Movimento (Attivit\u00e0), Quiete (Calma, Quiescenza), Gioiosit\u00e0 (Felicit\u00e0, Serenit\u00e0), Longevit\u00e0 (Vitalit\u00e0). Nel tai-ji quan ritroviamo inoltre i concetti principali del taoismo: ogni movimento esprime l&#8217;alternanza dello Yin e dello Yang di vuoto e pieno: l&#8217;uomo e l&#8217;universo entrano in unione.<\/p>\n<p>Ci sono 6 differenti Stili di taiji riconosciuti dal Governo Cinese, un settimo \u00e8 in via di riconoscimento. I 6 stili sono collegati l&#8217;uno all&#8217;altro ed anche se i loro movimenti esterni sono un po&#8217; differenti le energie interne sono le stesse.<\/p>\n<ul>\n<li>Stile Chen<\/li>\n<\/ul>\n<p>sono movimenti rapidi e lenti combinati insieme con alcuni salti e passi pesanti. Forma antica e pugno lungo creati dalla 17\u00aa generazione. \u00c8 stato creato da Chen Wangting. Si divide in due rami: Grande Struttura (Dajia) e Piccola Struttura (Xiaojia). Oggi i rappresentanti della Grande Struttura sono Chen Zhenglei, Chen Xiao Wang, Wang Xian e Zhu Tian Cai (noti anche come i 4 guerrieri custodi di Buddha). I rappresentanti della Piccola Struttura sono Chen Liqing, Chen Peishan e Chen Peiju.<\/p>\n<ul>\n<li>Stile Yang<\/li>\n<\/ul>\n<p>Yang Luchan si dice che abbia imparato la forma antica da Chen Changxing, 14\u00aa generazione della Famiglia Chen; presumibilmente per\u00f2 fuse le conoscenze acquisite nello stile chen con qualcos&#8217;altro forse antecedente. I movimenti Yang sono lenti, omogenei, gentili, grandi e ampi. La discendenza dell&#8217;attuale famiglia Yang \u00e8: Yang Luchan &#8211; 1\u00aa generazione, forma antica; Yang Jianhou &#8211; 2\u00aa generazione, forma media; Yang Chengfu &#8211; 3\u00aa generazione, grande forma che ha diffuso il taiji nel mondo grazie al suo fedele discepolo Fu Zhong Wen che ha continuato erede della Scuola Yang alla morte di Yang Chengfu; Yang Zhenduo &#8211; 4\u00aa generazione; Yang Jun &#8211; 6\u00aa generazione. \u00c8 stato creato da Yang Luchan. Il rappresentante attuale \u00e8 Yang Jun, 5\u00aa generazione dei Capo Scuola della famiglia Yang.<\/p>\n<ul>\n<li>Stile Wu\/Hao<\/li>\n<\/ul>\n<p>il 1\u00ba stile Wu deriva dagli stili Yang e Chen ed \u00e8 lento, omogeneo, piccolo e la posizione \u00e8 alta. Wu Yuxiang ha studiato con Yang Banhou, 2\u00aa generazione Yang, e poi con Chen Qingping, 14\u00aa generazione Chen. La forma Wu\/Hao \u00e8 pi\u00f9 piccola. \u00c8 stato creato da Wu Yuxiang. Attualmente il rappresentante \u00e8 Qiao Song Mao.<\/p>\n<ul>\n<li>Stile Wu<\/li>\n<\/ul>\n<p>il 2\u00ba stile Wu viene da Wu Quanyu che ha studiato con Yang Banhou. Viene praticato con piedi paralleli, pi\u00f9 stretti e corpo inclinato. \u00c8 stato creato da Wu Jianquan (figlio di Wu Quanyu). I suoi rappresentanti sono Ma Jiangbao, figlio di Wu Yinghua (figlia di Wu Jianquan e sua allieva) e Ma Yuehliang, quest&#8217;ultimo il pi\u00f9 capace discepolo del suocero e dopo di lui presidente della Wu Jianquan Association; Li Bing Ci e Wang Pei Sheng.<\/p>\n<ul>\n<li>Stile Sun<\/li>\n<\/ul>\n<p>Il creatore, Sun Lutang, ha imparato da Hao Weizhen. I movimenti combinano 3 stili di arti marziali interne insieme, taiji Wu\/Hao, Xingyi e Bagua. Oggi \u00e8 rappresentato da Sun Yongtian, successore di Sun Jianyun, figlia di Sun Lutang morta nel 2003.<\/p>\n<ul>\n<li>Stile Fu<\/li>\n<\/ul>\n<p>Ha storicamente origine dal leggendario M.\u00b0 Taoista Zhang San Feng (1127-1279 d.C.) che fond\u00f2 La Scuola Tan Pai nei Templi sulle Montagne Wudang. Nella successione alla 9\u00aa Generazione troviamo il M.\u00b0 Taoista Sung Wei Yi, quindi alla 10\u00aa generazione il M.\u00b0 Fu Chen Song (Fu Chen Sung o Fu ZhenSong) che, mantenendo lo stile inalterato diede il nome alla Scuola &#8220;Fu Wudang &#8221; 1\u00aa generazione. Un successore, di 2\u00aa generazione, \u00e8 il M.\u00b0 To Yu, 87 anni da Hong Kong, rappresentante internazionale dello Stile Fu.<\/p>\n<p>Fu Style Wudang Quan Fu Chen Sung lavor\u00f2 il resto della sua vita a sviluppare il Pugno Fu Style Wudang (Fu Style Wudang Fist). Il sistema include esercizi, a mani nude e set di armi nel Tai Chi, Bagua, Hsing-Yi &#8211; e le forme ben documentate e firmate di Fu Chen Sung: Liang-Yi Chuan, Dragon Palm Baguazhang e Dragon Palm Bagua Push Hand (la maggior parte delle quali da lui create nel 1940); le famose ma estremamente rare tecniche di spada Wudang sono state incorporate nella progressione della spada Fu Style Tai Chi, alla spada a Sette Stelle (Seven Star Sword), al Bagua Cyclone Broadsword e, infine, alle forme Flying Dragon Bagua Sword.<br \/>\nNel corso della sua vita, Fu Cheng Sun ha avuto numerosi studenti di valore, incluso il Generale Dom Pao Gung e Lin Chao Zhen. Suo figlio maggiore, Fu Wing Fay (Fu Yong Hui), crebbe tra i pi\u00f9 grandi artisti marziali nel periodo d&#8217;oro delle arti marziali in Cina. Egli pratic\u00f2 intensamente e svilupp\u00f2 ulteriormente il Fist Fu Style Wudang. Wing Fay aveva due migliori studenti: suo figlio, Victor Fu Sheng Long e Bow Sim Mark.<\/p>\n<p>Un settimo stile, in via di riconoscimento \u00e8 lo stile Zhao Bao, creato da Chen Qingping.<\/p>\n<\/div>\n<p>(fonte Wikipedia)<\/p>\n","protected":false},"excerpt":{"rendered":"<p>Tai-Chi Chuan Orario Corsi Orario da concordare con l&#8217;insegnante nella fascia 16:00 &#8211; 18:00 . Contattare la Segreteria. Prezzi Abbonamento Iscrizione 1 Corso ** 2+ Corsi ** Mensile 30 \u20ac\/anno * 55 \u20ac\/mese 80 \u20ac\/mese Quadrimestrale 30 \u20ac\/anno * 200 \u20ac\/quadrimestre 240 \u20ac\/quadrimestre * copertura assicurativa inclusa ** Corsi a [&#8230;]<\/p>\n","protected":false},"author":1,"featured_media":0,"parent":6,"menu_order":0,"comment_status":"open","ping_status":"open","template":"","meta":{"ngg_post_thumbnail":0,"footnotes":""},"class_list":["post-180","page","type-page","status-publish","hentry"],"_links":{"self":[{"href":"http:\/\/ventodorientedojo.it\/livorno\/wp-json\/wp\/v2\/pages\/180","targetHints":{"allow":["GET"]}}],"collection":[{"href":"http:\/\/ventodorientedojo.it\/livorno\/wp-json\/wp\/v2\/pages"}],"about":[{"href":"http:\/\/ventodorientedojo.it\/livorno\/wp-json\/wp\/v2\/types\/page"}],"author":[{"embeddable":true,"href":"http:\/\/ventodorientedojo.it\/livorno\/wp-json\/wp\/v2\/users\/1"}],"replies":[{"embeddable":true,"href":"http:\/\/ventodorientedojo.it\/livorno\/wp-json\/wp\/v2\/comments?post=180"}],"version-history":[{"count":14,"href":"http:\/\/ventodorientedojo.it\/livorno\/wp-json\/wp\/v2\/pages\/180\/revisions"}],"predecessor-version":[{"id":881,"href":"http:\/\/ventodorientedojo.it\/livorno\/wp-json\/wp\/v2\/pages\/180\/revisions\/881"}],"up":[{"embeddable":true,"href":"http:\/\/ventodorientedojo.it\/livorno\/wp-json\/wp\/v2\/pages\/6"}],"wp:attachment":[{"href":"http:\/\/ventodorientedojo.it\/livorno\/wp-json\/wp\/v2\/media?parent=180"}],"curies":[{"name":"wp","href":"https:\/\/api.w.org\/{rel}","templated":true}]}}